{"id":1437,"date":"2013-09-06T15:19:20","date_gmt":"2013-09-06T15:19:20","guid":{"rendered":"http:\/\/impreza.us-themes.net\/pages\/contact-2\/"},"modified":"2024-02-07T14:22:36","modified_gmt":"2024-02-07T13:22:36","slug":"contact","status":"publish","type":"page","link":"http:\/\/s383095176.onlinehome.fr\/french\/contact\/","title":{"rendered":"CONTACT"},"content":{"rendered":"<section class=\"l-section wpb_row height_custom color_primary with_video\"><div id=\"us_bg_video_h66e\" class=\"l-section-video\"><script>!function(w){var node = document.getElementById( 'us_bg_video_h66e' );if ( w.innerWidth <= 200 ) { node.remove() }}(window);<\/script><style>@media(max-width:200px){#us_bg_video_h66e{display:none!important}}<\/style><video  autoplay loop muted playsinline preload=\"auto\"><source type=\"video\/mp4\" src=\"http:\/\/s383095176.onlinehome.fr\/french\/wp-content\/uploads\/2024\/01\/vid_contact.mp4\" \/><\/video><\/div><div class=\"l-section-overlay\" style=\"background:rgba(10,10,10,0.7)\"><\/div><div class=\"l-section-h i-cf\"><div class=\"g-cols vc_row via_grid cols_1 laptops-cols_inherit tablets-cols_inherit mobiles-cols_1 valign_top type_default stacking_default\"><div class=\"wpb_column vc_column_container\"><div class=\"vc_column-inner\"><div class=\"w-separator size_medium\"><\/div><div class=\"wpb_text_column us_custom_89bff95c\"><div class=\"wpb_wrapper\"><p style=\"text-align: center;\"><span style=\"font-family: the-tribal-box; font-size: 70pt;\">CONTACT<\/span><\/p>\n<\/div><\/div><div class=\"w-separator size_small\"><\/div><div class=\"w-iconbox iconpos_top style_default color_custom align_center no_text no_title\"><div class=\"w-iconbox-icon\" style=\"font-size:2rem;\"><i class=\"far fa-chevron-down\"><\/i><\/div><div class=\"w-iconbox-meta\"><\/div><\/div><\/div><\/div><\/div><\/div><\/section><section class=\"l-section wpb_row us_custom_623ba360 height_custom\"><div class=\"l-section-h i-cf\"><div class=\"g-cols vc_row via_grid cols_2 laptops-cols_inherit tablets-cols_inherit mobiles-cols_1 valign_top type_default stacking_default\" style=\"--gap:calc(3rem + 10px);\"><div class=\"wpb_column vc_column_container\"><div class=\"vc_column-inner\"><div class=\"wpb_text_column us_custom_eafeba95 has_text_color\"><div class=\"wpb_wrapper\"><p style=\"text-align: left;\"><span style=\"font-family: the-tribal-box; font-size: 40pt;\">Informations<\/span><\/p>\n<\/div><\/div><div class=\"w-separator size_medium\"><\/div><div class=\"w-iconbox us_custom_a1f44009 has_text_color iconpos_left style_circle color_primary align_left no_text\"><a href=\"mailto:contact@thefrenchflair.fr\" class=\"w-iconbox-link\" aria-label=\"contact@thefrenchflair.fr\"><div class=\"w-iconbox-icon\" style=\"font-size:16px;\"><i class=\"far fa-envelope\"><\/i><\/div><\/a><div class=\"w-iconbox-meta\"><a href=\"mailto:contact@thefrenchflair.fr\" class=\"w-iconbox-link\" aria-label=\"contact@thefrenchflair.fr\"><p class=\"w-iconbox-title\">contact@thefrenchflair.fr<\/p><\/a><\/div><\/div><div class=\"w-separator size_small\"><\/div><div class=\"w-iconbox us_custom_a1f44009 has_text_color iconpos_left style_circle color_primary align_left no_text\"><a href=\"tel:+33177126285\" class=\"w-iconbox-link\" aria-label=\"+33 01 77 12 62 85\"><div class=\"w-iconbox-icon\" style=\"font-size:16px;\"><i class=\"far fa-phone\"><\/i><\/div><\/a><div class=\"w-iconbox-meta\"><a href=\"tel:+33177126285\" class=\"w-iconbox-link\" aria-label=\"+33 01 77 12 62 85\"><p class=\"w-iconbox-title\">+33 01 77 12 62 85<\/p><\/a><\/div><\/div><div class=\"w-separator size_small\"><\/div><div class=\"w-iconbox us_custom_a1f44009 has_text_color iconpos_left style_circle color_primary align_left no_text\"><a target=\"_blank\" href=\"https:\/\/www.google.com\/maps\/place\/75+Bis+Bd+de+Clichy,+75009+Paris\/@48.884078,2.3279864,17z\/data=!3m1!4b1!4m6!3m5!1s0x47e66e4e87d0cdef:0xf5955249ee39813c!8m2!3d48.884078!4d2.3305667!16s\/g\/11nntq5rd1?authuser=0&amp;entry=ttu\" class=\"w-iconbox-link\" aria-label=\"75 Bis Boulevard de Clichy \u2013 75009 Paris\"><div class=\"w-iconbox-icon\" style=\"font-size:16px;\"><i class=\"far fa-map-marker-alt\"><\/i><\/div><\/a><div class=\"w-iconbox-meta\"><a target=\"_blank\" href=\"https:\/\/www.google.com\/maps\/place\/75+Bis+Bd+de+Clichy,+75009+Paris\/@48.884078,2.3279864,17z\/data=!3m1!4b1!4m6!3m5!1s0x47e66e4e87d0cdef:0xf5955249ee39813c!8m2!3d48.884078!4d2.3305667!16s\/g\/11nntq5rd1?authuser=0&amp;entry=ttu\" class=\"w-iconbox-link\" aria-label=\"75 Bis Boulevard de Clichy \u2013 75009 Paris\"><p class=\"w-iconbox-title\">75 Bis Boulevard de Clichy \u2013 75009 Paris<\/p><\/a><\/div><\/div><div class=\"w-separator size_large\"><\/div><div class=\"w-map provider_osm us_custom_9e1c781f has_text_color\" id=\"us_map_1\"><div class=\"w-map-inner\"><div class=\"w-map-json\" onclick='return {&quot;address&quot;:&quot;75 bis boulevard de clichy 75009 paris&quot;,&quot;disableDragging&quot;:0,&quot;disableZoom&quot;:0,&quot;hideControls&quot;:0,&quot;zoom&quot;:17,&quot;markers&quot;:[{&quot;address&quot;:&quot;75 bis boulevard de clichy 75009 paris&quot;,&quot;html&quot;:&quot;Hello! We are here! :)&quot;,&quot;infowindow&quot;:0},{&quot;address&quot;:&quot;75 bis boulevard de clichy 75009 paris&quot;,&quot;html&quot;:&quot;&quot;,&quot;marker_img&quot;:null,&quot;marker_size&quot;:[&quot;20&quot;,&quot;20&quot;]}],&quot;style&quot;:&quot;https:\\\/\\\/{s}.tile.openstreetmap.org\\\/{z}\\\/{x}\\\/{y}.png&quot;}'><\/div><\/div><\/div><\/div><\/div><div class=\"wpb_column vc_column_container\"><div class=\"vc_column-inner\"><div class=\"wpb_text_column us_custom_eafeba95 has_text_color\"><div class=\"wpb_wrapper\"><p style=\"text-align: left;\"><span style=\"font-family: the-tribal-box; font-size: 40pt;\">Contactez-nous<\/span><\/p>\n<\/div><\/div><div class=\"w-separator size_small\"><\/div><div class=\"wpb_text_column us_custom_e71d7ede has_text_color\"><div class=\"wpb_wrapper\"><p>N&rsquo;h\u00e9sitez pas \u00e0 nous contacter, afin de planifier votre soir\u00e9e.<\/p>\n<p>Nous vous r\u00e9pondons dans les meilleurs d\u00e9lais.<\/p>\n<\/div><\/div><div class=\"w-separator size_small\"><\/div><form class=\"w-form  us_custom_6df4bc3a has_text_color layout_ver for_cform us_form_1\" autocomplete=\"off\" action=\"http:\/\/s383095176.onlinehome.fr\/french\/french\/wp-json\/wp\/v2\/pages\/1437\" method=\"post\"><div class=\"w-form-h\"><div class=\"w-form-row for_select\">\r\n\t\t<div class=\"w-form-row-field\">\r\n\t\t\t\t\t\t<select aria-label=\"us_form_1_select_1\" name=\"us_form_1_select_1\">\r\n\t\t\t<option value=\"Votre choix* :\">Votre choix* :<\/option><option value=\"DEMANDE DE PLUS D&#039;INFORMATIONS\">DEMANDE DE PLUS D'INFORMATIONS<\/option><option value=\"R\u00c9SERVATION POUR UNE SOIR\u00c9E\">R\u00c9SERVATION POUR UNE SOIR\u00c9E<\/option><option value=\"VOUS RENCONTREZ UN PROBL\u00c8ME\">VOUS RENCONTREZ UN PROBL\u00c8ME<\/option><option value=\"RECRUTEMENT\">RECRUTEMENT<\/option>\t\t<\/select>\r\n\t\t\t<\/div>\r\n\t\t<div class=\"w-form-row-state\">S\u00e9lectionner une option<\/div>\r\n<\/div>\r\n<div class=\"w-form-row for_text required with_icon\">\r\n\t\t<div class=\"w-form-row-field\">\r\n\t\t\t\t<i class=\"far fa-user\"><\/i>\t\t<input aria-label=\"Nom\" type=\"text\" name=\"us_form_1_text_1\" value placeholder=\"Nom *\" data-required=\"true\" aria-required=\"true\"\/>\r\n\t\t\t<\/div>\r\n\t\t<div class=\"w-form-row-state\">Vous devez remplir ce champ<\/div>\r\n<\/div>\r\n<div class=\"w-form-row for_text required with_icon\">\r\n\t\t<div class=\"w-form-row-field\">\r\n\t\t\t\t<i class=\"far fa-user\"><\/i>\t\t<input aria-label=\"Pr\u00e9nom\" type=\"text\" name=\"us_form_1_text_2\" value placeholder=\"Pr\u00e9nom *\" data-required=\"true\" aria-required=\"true\"\/>\r\n\t\t\t<\/div>\r\n\t\t<div class=\"w-form-row-state\">Vous devez remplir ce champ<\/div>\r\n<\/div>\r\n<div class=\"w-form-row for_text required with_icon\">\r\n\t\t<div class=\"w-form-row-field\">\r\n\t\t\t\t<i class=\"far fa-envelope\"><\/i>\t\t<input aria-label=\"Email\" type=\"text\" name=\"us_form_1_text_3\" value placeholder=\"Email *\" data-required=\"true\" aria-required=\"true\"\/>\r\n\t\t\t<\/div>\r\n\t\t<div class=\"w-form-row-state\">Vous devez remplir ce champ<\/div>\r\n<\/div>\r\n<div class=\"w-form-row for_text required with_icon\">\r\n\t\t<div class=\"w-form-row-field\">\r\n\t\t\t\t<i class=\"far fa-phone\"><\/i>\t\t<input aria-label=\"T\u00e9l\u00e9phone\" inputmode=\"tel\" type=\"text\" name=\"us_form_1_text_4\" value placeholder=\"T\u00e9l\u00e9phone *\" data-required=\"true\" aria-required=\"true\"\/>\r\n\t\t\t<\/div>\r\n\t\t<div class=\"w-form-row-state\">Vous devez remplir ce champ<\/div>\r\n<\/div>\r\n<div class=\"w-form-row for_textarea required with_icon\">\r\n\t\t<div class=\"w-form-row-field\">\r\n\t\t\t\t<i class=\"far fa-pencil\"><\/i>\t\t<textarea aria-label=\"Message\" name=\"us_form_1_textarea_1\" placeholder=\"Message *\" data-required=\"true\" aria-required=\"true\"><\/textarea>\r\n\t\t\t<\/div>\r\n\t\t<div class=\"w-form-row-state\">Vous devez remplir ce champ<\/div>\r\n<\/div>\r\n<div class=\"w-form-row for_captcha has_label required with_icon\">\r\n\t<div class=\"w-form-row-label\">\r\n\t\t<span>S\u00c9CURIT\u00c9 : Faites l'op\u00e9ration suivante : <span>30 + 1 = ?<\/span><\/span>\r\n\t<\/div>\r\n\t<div class=\"w-form-row-field\">\r\n\t\t\t\t<input type=\"hidden\" name=\"us_form_1_captcha_1_hash\" value=\"d4e147e811526382af9002cecf7c2f34\" \/>\r\n\t\t<i class=\"far fa-question-circle\"><\/i>\t\t<input aria-label=\"S\u00c9CURIT\u00c9 : Faites l&#039;op\u00e9ration suivante :\" type=\"text\" name=\"us_form_1_captcha_1\" placeholder data-required=\"true\" aria-required=\"true\"\/>\r\n\t\t\t<\/div>\r\n\t\t<div class=\"w-form-row-state\">Entrer le r\u00e9sultat de l'op\u00e9ration pour continuer<\/div>\r\n<\/div>\r\n<input type=\"hidden\" name=\"action\" value=\"us_ajax_cform\" \/>\r\n<input type=\"hidden\" name=\"post_id\" value=\"0\" \/>\r\n<input type=\"hidden\" name=\"form_index\" value=\"1\" \/>\r\n<div class=\"w-form-row for_submit align_none\">\r\n\t<button class=\"w-btn icon_atright us-btn-style_4\" aria-label=\"Envoyer ma demande\" type=\"submit\">\r\n\t\t<span class=\"g-preloader type_1\"><\/span>\r\n\t\t\t\t<span class=\"w-btn-label\">Envoyer ma demande<\/span>\r\n\t\t<i class=\"fas fa-chevron-double-right\"><\/i>\t<\/button>\r\n\t<\/div>\r\n<\/div><div class=\"w-form-message\"><\/div><div class=\"w-form-json hidden\" onclick='return {&quot;ajaxurl&quot;:&quot;http:\\\/\\\/s383095176.onlinehome.fr\\\/french\\\/wp-admin\\\/admin-ajax.php&quot;,&quot;messages&quot;:{&quot;err_empty&quot;:&quot;Vous devez remplir ce champ&quot;,&quot;err_size&quot;:&quot;La taille du fichier ne peut pas d\\u00e9passer %s Mo&quot;,&quot;err_extension&quot;:&quot;Le type de fichier %s n&#039;est pas autoris\\u00e9&quot;}}'><\/div><\/form><\/div><\/div><\/div><\/div><\/section><section class=\"l-section wpb_row height_custom with_img\"><div class=\"l-section-img\" role=\"img\" data-img-width=\"1024\" data-img-height=\"683\" style=\"background-image: url(http:\/\/s383095176.onlinehome.fr\/french\/wp-content\/uploads\/2024\/01\/03-chiffres-cocktails-revieuws-foot-rugby-soirees-the-french-flair.jpg);\"><\/div><div class=\"l-section-overlay\" style=\"background:rgba(0,0,0,0.70)\"><\/div><div class=\"l-section-h i-cf\"><div class=\"g-cols vc_row via_grid cols_1 laptops-cols_inherit tablets-cols_inherit mobiles-cols_1 valign_top type_default stacking_default\"><div class=\"wpb_column vc_column_container\"><div class=\"vc_column-inner\"><div class=\"w-separator size_small\" id=\"Horaires\"><\/div><div class=\"g-cols wpb_row via_grid cols_1 laptops-cols_inherit tablets-cols_inherit mobiles-cols_1 valign_top type_default stacking_default\" style=\"--gap:3rem;\"><div class=\"wpb_column vc_column_container\"><div class=\"vc_column-inner\"><div class=\"wpb_text_column us_custom_eafeba95 has_text_color\"><div class=\"wpb_wrapper\"><p style=\"text-align: center;\"><span style=\"font-family: the-tribal-box; font-size: 40pt;\">Horaires du pub the french flair<\/span><\/p>\n<\/div><\/div><div class=\"w-separator size_medium with_line width_30 thick_1 style_solid color_border align_center with_content\"><div class=\"w-separator-h\"><i class=\"fas fa-cocktail\"><\/i><\/div><\/div><div class=\"wpb_text_column us_custom_e71d7ede has_text_color\"><div class=\"wpb_wrapper\"><p style=\"text-align: center;\"><span class=\"elementor-icon-list-text\">Lundi \u00e0 jeudi 17h00 &#8211; 2h00<\/span><\/p>\n<p style=\"text-align: center;\"><i class=\"fa fa-clock-o\" aria-hidden=\"true\"><\/i><span class=\"elementor-icon-list-text\">Vendredi 17h00 &#8211; 5h00<\/span><\/p>\n<p style=\"text-align: center;\"><i class=\"fa fa-clock-o\" aria-hidden=\"true\"><\/i><span class=\"elementor-icon-list-text\">Samedi 14h00 &#8211; 5h00<\/span><\/p>\n<p style=\"text-align: center;\"><i class=\"fa fa-clock-o\" aria-hidden=\"true\"><\/i><span class=\"elementor-icon-list-text\">Dimanche 14h00 &#8211; 2h00<\/span><\/p>\n<\/div><\/div><div class=\"w-separator size_medium with_line width_50 thick_1 style_solid color_border align_center with_content\"><div class=\"w-separator-h\"><i class=\"fas fa-cocktail\"><\/i><\/div><\/div><\/div><\/div><\/div><\/div><\/div><\/div><\/div><\/section>\n","protected":false},"excerpt":{"rendered":"CONTACT Informations contact@thefrenchflair.fr+33 01 77 12 62 8575 Bis Boulevard de Clichy \u2013 75009 ParisContactez-nous N&rsquo;h\u00e9sitez pas \u00e0 nous contacter, afin de planifier votre soir\u00e9e. Nous vous r\u00e9pondons dans les meilleurs d\u00e9lais. Votre choix* :DEMANDE DE PLUS D'INFORMATIONSR\u00c9SERVATION POUR UNE SOIR\u00c9EVOUS RENCONTREZ UN PROBL\u00c8MERECRUTEMENT S\u00e9lectionner une option Vous devez remplir ce champ Vous devez remplir...","protected":false},"author":1,"featured_media":0,"parent":0,"menu_order":0,"comment_status":"closed","ping_status":"closed","template":"","meta":{"footnotes":""},"class_list":["post-1437","page","type-page","status-publish","hentry"],"_links":{"self":[{"href":"http:\/\/s383095176.onlinehome.fr\/french\/wp-json\/wp\/v2\/pages\/1437","targetHints":{"allow":["GET"]}}],"collection":[{"href":"http:\/\/s383095176.onlinehome.fr\/french\/wp-json\/wp\/v2\/pages"}],"about":[{"href":"http:\/\/s383095176.onlinehome.fr\/french\/wp-json\/wp\/v2\/types\/page"}],"author":[{"embeddable":true,"href":"http:\/\/s383095176.onlinehome.fr\/french\/wp-json\/wp\/v2\/users\/1"}],"replies":[{"embeddable":true,"href":"http:\/\/s383095176.onlinehome.fr\/french\/wp-json\/wp\/v2\/comments?post=1437"}],"version-history":[{"count":59,"href":"http:\/\/s383095176.onlinehome.fr\/french\/wp-json\/wp\/v2\/pages\/1437\/revisions"}],"predecessor-version":[{"id":9985,"href":"http:\/\/s383095176.onlinehome.fr\/french\/wp-json\/wp\/v2\/pages\/1437\/revisions\/9985"}],"wp:attachment":[{"href":"http:\/\/s383095176.onlinehome.fr\/french\/wp-json\/wp\/v2\/media?parent=1437"}],"curies":[{"name":"wp","href":"https:\/\/api.w.org\/{rel}","templated":true}]}}