{"id":8442,"date":"2024-01-23T09:25:36","date_gmt":"2024-01-23T08:25:36","guid":{"rendered":"http:\/\/s383095176.onlinehome.fr\/french\/?page_id=8442"},"modified":"2024-02-07T14:22:14","modified_gmt":"2024-02-07T13:22:14","slug":"on-recrute","status":"publish","type":"page","link":"http:\/\/s383095176.onlinehome.fr\/french\/on-recrute\/","title":{"rendered":"ON RECRUTE"},"content":{"rendered":"<section class=\"l-section wpb_row height_custom color_primary with_video\"><div id=\"us_bg_video_dee4\" class=\"l-section-video\"><script>!function(w){var node = document.getElementById( 'us_bg_video_dee4' );if ( w.innerWidth <= 200 ) { node.remove() }}(window);<\/script><style>@media(max-width:200px){#us_bg_video_dee4{display:none!important}}<\/style><video  autoplay loop muted playsinline preload=\"auto\"><source type=\"video\/mp4\" src=\"http:\/\/s383095176.onlinehome.fr\/french\/wp-content\/uploads\/2024\/02\/video-on-recrute-barman-the-french-flair_compressed.mp4\" \/><\/video><\/div><div class=\"l-section-overlay\" style=\"background:rgba(10,10,10,0.7)\"><\/div><div class=\"l-section-h i-cf\"><div class=\"g-cols vc_row via_grid cols_1 laptops-cols_inherit tablets-cols_inherit mobiles-cols_1 valign_top type_default stacking_default\"><div class=\"wpb_column vc_column_container\"><div class=\"vc_column-inner\"><div class=\"w-separator size_medium\"><\/div><div class=\"wpb_text_column\"><div class=\"wpb_wrapper\"><p style=\"text-align: center;\"><span style=\"font-family: the-tribal-box; font-size: 70pt;\">ON RECRUTE<\/span><\/p>\n<\/div><\/div><div class=\"w-separator size_small\"><\/div><div class=\"w-iconbox iconpos_top style_default color_custom align_center no_text no_title\"><div class=\"w-iconbox-icon\" style=\"font-size:2rem;\"><i class=\"far fa-chevron-down\"><\/i><\/div><div class=\"w-iconbox-meta\"><\/div><\/div><div class=\"w-separator size_medium\"><\/div><\/div><\/div><\/div><\/div><\/section><section class=\"l-section wpb_row us_custom_623ba360 height_auto\"><div class=\"l-section-h i-cf\"><div class=\"g-cols vc_row via_grid cols_1 laptops-cols_inherit tablets-cols_inherit mobiles-cols_1 valign_top type_default stacking_default\"><div class=\"wpb_column vc_column_container\"><div class=\"vc_column-inner\"><div class=\"w-separator us_custom_b3dffc3f has_text_color size_small has_font_size\"><\/div><div class=\"w-separator us_custom_b3dffc3f has_text_color size_medium has_font_size\"><\/div><div class=\"wpb_text_column us_custom_6df4bc3a has_text_color\"><div class=\"wpb_wrapper\"><p style=\"text-align: center;\"><span style=\"font-family: the-tribal-box; font-size: 45pt;\">LE FRENCH FLAIR RECRUTE<\/span><\/p>\n<\/div><\/div><div class=\"w-separator us_custom_b3dffc3f has_text_color size_small has_font_size\"><\/div><div class=\"w-separator us_custom_b3dffc3f has_text_color size_medium has_font_size with_line width_default thick_1 style_solid color_border align_center with_content\"><div class=\"w-separator-h\"><i class=\"fas fa-cocktail\"><\/i><\/div><\/div><div class=\"w-separator us_custom_b3dffc3f has_text_color size_small has_font_size\"><\/div><div class=\"g-cols wpb_row us_custom_4c21bf8c via_grid cols_1 laptops-cols_inherit tablets-cols_inherit mobiles-cols_1 valign_top type_default stacking_default\" style=\"--gap:3rem;\"><div class=\"wpb_column vc_column_container\"><div class=\"vc_column-inner\"><div class=\"w-separator us_custom_beb8c87b size_medium\"><\/div><div class=\"wpb_text_column us_custom_2dd5d7eb has_text_color\"><div class=\"wpb_wrapper\"><p style=\"text-align: center;\"><span style=\"font-family: Arial, Helvetica, sans-serif; font-size: 18pt;\"><strong>REJOIGNEZ-NOUS !<\/strong><\/span><\/p>\n<\/div><\/div><div class=\"w-separator us_custom_beb8c87b size_small\"><\/div><div class=\"wpb_text_column us_custom_2dd5d7eb has_text_color\"><div class=\"wpb_wrapper\"><p style=\"text-align: center;\"><span style=\"font-size: 14pt;\"><strong>Vous \u00eates dynamique, motiv\u00e9(e) et vous avez une passion pour l\u2019ambiance nocturne ?<\/strong><\/span><\/p>\n<\/div><\/div><div class=\"w-separator us_custom_beb8c87b size_small\"><\/div><div class=\"wpb_text_column us_custom_2dd5d7eb has_text_color\"><div class=\"wpb_wrapper\"><p style=\"text-align: center;\"><span style=\"font-family: Arial, Helvetica, sans-serif;\">Le French Flair, bar sportif et dansant, est \u00e0 la recherche constante de personnel de bar pour enrichir son \u00e9quipe.<\/span><\/p>\n<\/div><\/div><div class=\"w-separator us_custom_beb8c87b size_medium\"><\/div><\/div><\/div><\/div><div class=\"w-separator us_custom_b3dffc3f has_text_color size_medium has_font_size with_line width_default thick_1 style_solid color_border align_center with_content\"><div class=\"w-separator-h\"><i class=\"fas fa-cocktail\"><\/i><\/div><\/div><div class=\"g-cols wpb_row via_grid cols_2 laptops-cols_inherit tablets-cols_inherit mobiles-cols_1 valign_top type_default stacking_default\" style=\"--gap:3rem;\"><div class=\"wpb_column vc_column_container\"><div class=\"vc_column-inner\"><div class=\"wpb_text_column us_custom_6df4bc3a has_text_color\"><div class=\"wpb_wrapper\"><p><span style=\"font-size: 14pt; font-family: Arial, Helvetica, sans-serif;\">Ce que nous recherchons :<\/span><\/p>\n<\/div><\/div><div class=\"w-separator size_small\"><\/div><div class=\"wpb_text_column us_custom_6df4bc3a has_text_color\"><div class=\"wpb_wrapper\"><ul>\n<li><span style=\"font-family: Arial, Helvetica, sans-serif;\">Des esprits jeunes et \u00e9nergiques.<\/span><\/li>\n<li><span style=\"font-family: Arial, Helvetica, sans-serif;\">Une affinit\u00e9 pour le travail de nuit en cadences de travail rythm\u00e9es.<\/span><\/li>\n<li><span style=\"font-family: Arial, Helvetica, sans-serif;\">Une connaissance des cocktails classiques.<\/span><\/li>\n<li><span style=\"font-family: Arial, Helvetica, sans-serif;\">Un int\u00e9r\u00eat pour l\u2019univers sportif.<\/span><\/li>\n<\/ul>\n<\/div><\/div><\/div><\/div><div class=\"wpb_column vc_column_container\"><div class=\"vc_column-inner\"><div class=\"wpb_text_column us_custom_6df4bc3a has_text_color\"><div class=\"wpb_wrapper\"><p style=\"text-align: justify;\"><span style=\"font-family: Arial, Helvetica, sans-serif;\">Nous offrons des opportunit\u00e9s d\u2019emploi pour diff\u00e9rents types de contrats et de postes. Si vous souhaitez faire partie d\u2019un lieu anim\u00e9, offrant une exp\u00e9rience unique m\u00ealant f\u00eate et sport, postulez d\u00e8s maintenant pour rejoindre l\u2019aventure du French Flair !<\/span><\/p>\n<\/div><\/div><div class=\"w-separator size_small\"><\/div><div class=\"wpb_text_column us_custom_6df4bc3a has_text_color\"><div class=\"wpb_wrapper\"><p><span style=\"font-family: Arial, Helvetica, sans-serif;\">Merci d\u2019envoyer votre C.V. et lettre de motivation \u00e0 l\u2019adresse :<\/span><br \/>\n<span style=\"font-family: Arial, Helvetica, sans-serif;\"><a href=\"mailto:lefrenchflair75@gmail.com\">lefrenchflair75@gmail.com<\/a><\/span><\/p>\n<\/div><\/div><div class=\"w-separator size_medium\"><\/div><\/div><\/div><\/div><div class=\"g-cols wpb_row via_grid cols_2 laptops-cols_inherit tablets-cols_inherit mobiles-cols_1 valign_top type_default stacking_default\" style=\"--gap:3rem;\"><div class=\"wpb_column vc_column_container\"><div class=\"vc_column-inner\"><div class=\"w-video align_center ratio_16x9\"><div class=\"w-video-h\"><video  preload=\"auto\" playsinline autoplay loop muted><source type=\"video\/mp4\" src=\"http:\/\/s383095176.onlinehome.fr\/french\/wp-content\/uploads\/2024\/02\/video-on-recrute-barman-the-french-flair_compressed.mp4\" \/><\/video><\/div><div class=\"w-video-icon\" style=\"font-size:1.5rem;background:rgba(0,0,0,0.5);color:#fff\"><\/div><\/div><\/div><\/div><div class=\"wpb_column vc_column_container\"><div class=\"vc_column-inner\"><div class=\"w-image align_center\"><div class=\"w-image-h\"><img decoding=\"async\" width=\"1024\" height=\"597\" src=\"http:\/\/s383095176.onlinehome.fr\/french\/wp-content\/uploads\/2024\/02\/on-recrute-barman-the-french-flair-1024x597.jpg\" class=\"attachment-large size-large\" alt=\"\" loading=\"lazy\" srcset=\"http:\/\/s383095176.onlinehome.fr\/french\/wp-content\/uploads\/2024\/02\/on-recrute-barman-the-french-flair-1024x597.jpg 1024w, http:\/\/s383095176.onlinehome.fr\/french\/wp-content\/uploads\/2024\/02\/on-recrute-barman-the-french-flair-300x175.jpg 300w, http:\/\/s383095176.onlinehome.fr\/french\/wp-content\/uploads\/2024\/02\/on-recrute-barman-the-french-flair-150x88.jpg 150w, http:\/\/s383095176.onlinehome.fr\/french\/wp-content\/uploads\/2024\/02\/on-recrute-barman-the-french-flair-100x58.jpg 100w, http:\/\/s383095176.onlinehome.fr\/french\/wp-content\/uploads\/2024\/02\/on-recrute-barman-the-french-flair-200x117.jpg 200w, http:\/\/s383095176.onlinehome.fr\/french\/wp-content\/uploads\/2024\/02\/on-recrute-barman-the-french-flair-50x29.jpg 50w, http:\/\/s383095176.onlinehome.fr\/french\/wp-content\/uploads\/2024\/02\/on-recrute-barman-the-french-flair-30x18.jpg 30w, http:\/\/s383095176.onlinehome.fr\/french\/wp-content\/uploads\/2024\/02\/on-recrute-barman-the-french-flair-20x12.jpg 20w, http:\/\/s383095176.onlinehome.fr\/french\/wp-content\/uploads\/2024\/02\/on-recrute-barman-the-french-flair-40x23.jpg 40w, http:\/\/s383095176.onlinehome.fr\/french\/wp-content\/uploads\/2024\/02\/on-recrute-barman-the-french-flair-35x20.jpg 35w, http:\/\/s383095176.onlinehome.fr\/french\/wp-content\/uploads\/2024\/02\/on-recrute-barman-the-french-flair-25x15.jpg 25w, http:\/\/s383095176.onlinehome.fr\/french\/wp-content\/uploads\/2024\/02\/on-recrute-barman-the-french-flair.jpg 1200w\" sizes=\"auto, (max-width: 1024px) 100vw, 1024px\" \/><\/div><\/div><\/div><\/div><\/div><div class=\"w-separator size_large\"><\/div><\/div><\/div><\/div><\/div><\/section><section class=\"l-section wpb_row height_custom color_primary\" id=\"fourth\"><div class=\"l-section-h i-cf\"><div class=\"g-cols vc_row via_grid cols_1 laptops-cols_inherit tablets-cols_inherit mobiles-cols_1 valign_top type_default stacking_default\"><div class=\"wpb_column vc_column_container\"><div class=\"vc_column-inner\"><div class=\"w-actionbox us_custom_d92bb015 has_text_color color_primary controls_right\"><div class=\"w-actionbox-text\"><p class=\"w-actionbox-title\">CONTACTEZ-NOUS<\/p><\/div><div class=\"w-actionbox-controls\"><a class=\"w-btn us-btn-style_4 icon_atright\" href=\"http:\/\/s383095176.onlinehome.fr\/french\/contact\/\" style=\"font-size:1.2rem;\"><span class=\"w-btn-label\">CONTACT<\/span><i class=\"fas fa-chevron-double-right\"><\/i><\/a><\/div><\/div><\/div><\/div><\/div><\/div><\/section>\n","protected":false},"excerpt":{"rendered":"ON RECRUTE LE FRENCH FLAIR RECRUTE REJOIGNEZ-NOUS ! Vous \u00eates dynamique, motiv\u00e9(e) et vous avez une passion pour l\u2019ambiance nocturne ? Le French Flair, bar sportif et dansant, est \u00e0 la recherche constante de personnel de bar pour enrichir son \u00e9quipe. Ce que nous recherchons : Des esprits jeunes et \u00e9nergiques. Une affinit\u00e9 pour le...","protected":false},"author":1,"featured_media":0,"parent":0,"menu_order":0,"comment_status":"closed","ping_status":"closed","template":"","meta":{"footnotes":""},"class_list":["post-8442","page","type-page","status-publish","hentry"],"_links":{"self":[{"href":"http:\/\/s383095176.onlinehome.fr\/french\/wp-json\/wp\/v2\/pages\/8442","targetHints":{"allow":["GET"]}}],"collection":[{"href":"http:\/\/s383095176.onlinehome.fr\/french\/wp-json\/wp\/v2\/pages"}],"about":[{"href":"http:\/\/s383095176.onlinehome.fr\/french\/wp-json\/wp\/v2\/types\/page"}],"author":[{"embeddable":true,"href":"http:\/\/s383095176.onlinehome.fr\/french\/wp-json\/wp\/v2\/users\/1"}],"replies":[{"embeddable":true,"href":"http:\/\/s383095176.onlinehome.fr\/french\/wp-json\/wp\/v2\/comments?post=8442"}],"version-history":[{"count":62,"href":"http:\/\/s383095176.onlinehome.fr\/french\/wp-json\/wp\/v2\/pages\/8442\/revisions"}],"predecessor-version":[{"id":9793,"href":"http:\/\/s383095176.onlinehome.fr\/french\/wp-json\/wp\/v2\/pages\/8442\/revisions\/9793"}],"wp:attachment":[{"href":"http:\/\/s383095176.onlinehome.fr\/french\/wp-json\/wp\/v2\/media?parent=8442"}],"curies":[{"name":"wp","href":"https:\/\/api.w.org\/{rel}","templated":true}]}}