{"id":8449,"date":"2024-01-23T09:28:54","date_gmt":"2024-01-23T08:28:54","guid":{"rendered":"http:\/\/s383095176.onlinehome.fr\/french\/?page_id=8449"},"modified":"2024-02-07T14:23:28","modified_gmt":"2024-02-07T13:23:28","slug":"reserver","status":"publish","type":"page","link":"http:\/\/s383095176.onlinehome.fr\/french\/reserver\/","title":{"rendered":"R\u00c9SERVER"},"content":{"rendered":"<section class=\"l-section wpb_row height_custom color_primary with_video\"><div id=\"us_bg_video_ncf5\" class=\"l-section-video\"><script>!function(w){var node = document.getElementById( 'us_bg_video_ncf5' );if ( w.innerWidth <= 200 ) { node.remove() }}(window);<\/script><style>@media(max-width:200px){#us_bg_video_ncf5{display:none!important}}<\/style><video  autoplay loop muted playsinline preload=\"auto\"><source type=\"video\/mp4\" src=\"http:\/\/s383095176.onlinehome.fr\/french\/wp-content\/uploads\/2024\/01\/vid_contact.mp4\" \/><\/video><\/div><div class=\"l-section-overlay\" style=\"background:rgba(10,10,10,0.7)\"><\/div><div class=\"l-section-h i-cf\"><div class=\"g-cols vc_row via_grid cols_1 laptops-cols_inherit tablets-cols_inherit mobiles-cols_1 valign_top type_default stacking_default\"><div class=\"wpb_column vc_column_container\"><div class=\"vc_column-inner\"><div class=\"w-separator size_medium\"><\/div><div class=\"wpb_text_column\"><div class=\"wpb_wrapper\"><p style=\"text-align: center;\"><span style=\"font-family: the-tribal-box; font-size: 70pt;\">R\u00c9SERVER<\/span><\/p>\n<\/div><\/div><div class=\"w-separator size_small\"><\/div><div class=\"w-iconbox iconpos_top style_default color_custom align_center no_text no_title\"><div class=\"w-iconbox-icon\" style=\"font-size:2rem;\"><i class=\"far fa-chevron-down\"><\/i><\/div><div class=\"w-iconbox-meta\"><\/div><\/div><\/div><\/div><\/div><\/div><\/section><section class=\"l-section wpb_row us_custom_623ba360 height_custom\"><div class=\"l-section-h i-cf\"><div class=\"g-cols vc_row via_grid cols_2 laptops-cols_inherit tablets-cols_inherit mobiles-cols_1 valign_top type_default stacking_default\" style=\"--gap:calc(3rem + 10px);\"><div class=\"wpb_column vc_column_container\"><div class=\"vc_column-inner\"><div class=\"wpb_text_column us_custom_137f0e2b has_text_color\"><div class=\"wpb_wrapper\"><p><span style=\"font-family: Arial, Helvetica, sans-serif; font-size: 18pt;\"><strong>R\u00e9servez votre \u00e9v\u00e8nement maintenant<\/strong><\/span><\/p>\n<\/div><\/div><div class=\"w-separator size_small\"><\/div><div class=\"w-btn-wrapper align_center\"><a class=\"w-btn us-btn-style_1 icon_atright\" href=\"pl\"><span class=\"w-btn-label\">Voir le plan du French Flair<\/span><i class=\"fas fa-chevron-double-right\"><\/i><\/a><\/div><div class=\"w-separator size_small\"><\/div><div class=\"wpb_text_column us_custom_6df4bc3a has_text_color\"><div class=\"wpb_wrapper\"><p><span style=\"font-family: Arial, Helvetica, sans-serif;\">N&rsquo;h\u00e9sitez pas \u00e0 remplir le formulaire ci-dessous, afin de planifier votre soir\u00e9e.<\/span><\/p>\n<p><span style=\"font-family: Arial, Helvetica, sans-serif;\">Nous vous r\u00e9pondons dans les meilleurs d\u00e9lais.<\/span><\/p>\n<\/div><\/div><div class=\"w-separator size_small\"><\/div><form class=\"w-form  us_custom_6df4bc3a has_text_color layout_ver for_cform us_form_1\" autocomplete=\"off\" action=\"http:\/\/s383095176.onlinehome.fr\/french\/french\/wp-json\/wp\/v2\/pages\/8449\" method=\"post\"><div class=\"w-form-h\"><div class=\"w-form-row for_select\">\r\n\t\t<div class=\"w-form-row-field\">\r\n\t\t\t\t\t\t<select aria-label=\"us_form_1_select_1\" name=\"us_form_1_select_1\">\r\n\t\t\t<option value=\"Votre choix de r\u00e9servation * :\">Votre choix de r\u00e9servation * :<\/option><option value=\"R\u00c9SERVATION POUR UNE SOIR\u00c9E D&#039;ANNIVERSAIRE\">R\u00c9SERVATION POUR UNE SOIR\u00c9E D'ANNIVERSAIRE<\/option><option value=\"R\u00c9SERVATION POUR UNE SOIR\u00c9E AFTERWORK\">R\u00c9SERVATION POUR UNE SOIR\u00c9E AFTERWORK<\/option><option value=\"R\u00c9SERVATION POUR UNE SOIR\u00c9E CLUBBING\">R\u00c9SERVATION POUR UNE SOIR\u00c9E CLUBBING<\/option><option value=\"R\u00c9SERVATION POUR UNE SOIR\u00c9E DE B.D.E.\">R\u00c9SERVATION POUR UNE SOIR\u00c9E DE B.D.E.<\/option><option value=\"R\u00c9SERVATION POUR UNE DIFFUSION DE MATCH\">R\u00c9SERVATION POUR UNE DIFFUSION DE MATCH<\/option>\t\t<\/select>\r\n\t\t\t<\/div>\r\n\t\t<div class=\"w-form-row-state\">S\u00e9lectionner une option<\/div>\r\n<\/div>\r\n<div class=\"w-form-row for_select\">\r\n\t\t<div class=\"w-form-row-field\">\r\n\t\t\t\t\t\t<select aria-label=\"us_form_1_select_2\" name=\"us_form_1_select_2\">\r\n\t\t\t<option value=\"Votre choix pour votre espace de r\u00e9servation * :\">Votre choix pour votre espace de r\u00e9servation * :<\/option><option value=\"R\u00c9SERVER L&#039;ESPACE BAR\">R\u00c9SERVER L'ESPACE BAR<\/option><option value=\"R\u00c9SERVER L&#039;ESPACE L1\">R\u00c9SERVER L'ESPACE L1<\/option><option value=\"R\u00c9SERVER L&#039;ESPACE L2\">R\u00c9SERVER L'ESPACE L2<\/option><option value=\"R\u00c9SERVER L&#039;ESPACE L3\">R\u00c9SERVER L'ESPACE L3<\/option><option value=\"R\u00c9SERVER L&#039;ESPACE POOL\">R\u00c9SERVER L'ESPACE POOL<\/option>\t\t<\/select>\r\n\t\t\t<\/div>\r\n\t\t<div class=\"w-form-row-state\">S\u00e9lectionner une option<\/div>\r\n<\/div>\r\n<div class=\"w-form-row for_date required\">\r\n\t\t<div class=\"w-form-row-field\">\r\n\t\t\t\t\t\t<input type=\"text\" name=\"us_form_1_date_1\" value inputmode=\"none\" data-date-format=\"d MM yy\" aria-label=\"Date de l&#039;\u00e9v\u00e8nement\" placeholder=\"Date de l&#039;\u00e9v\u00e8nement *\" data-required=\"true\" aria-required=\"true\"\/>\r\n\t\t\t<\/div>\r\n\t\t<div class=\"w-form-row-state\">Vous devez remplir ce champ<\/div>\r\n<\/div>\r\n<div class=\"w-form-row for_select\">\r\n\t\t<div class=\"w-form-row-field\">\r\n\t\t\t\t\t\t<select aria-label=\"Heure d&#039;arriv\u00e9e estim\u00e9e\" name=\"us_form_1_select_3\">\r\n\t\t\t<option value=\"Votre choix d&#039;arriv\u00e9e estim\u00e9e * :\">Votre choix d'arriv\u00e9e estim\u00e9e * :<\/option><option value=\"18h00\">18h00<\/option><option value=\"18h30\">18h30<\/option><option value=\"19h00\">19h00<\/option><option value=\"19h30\">19h30<\/option><option value=\"20h00\">20h00<\/option><option value=\"20h30\">20h30<\/option><option value=\"21h00\">21h00<\/option><option value=\"21h30\">21h30<\/option><option value=\"22h00\">22h00<\/option><option value=\"22h30\">22h30<\/option><option value=\"23h00\">23h00<\/option><option value=\"23h30\">23h30<\/option>\t\t<\/select>\r\n\t\t\t<\/div>\r\n\t\t<div class=\"w-form-row-state\">S\u00e9lectionner une option<\/div>\r\n<\/div>\r\n<div class=\"w-form-row for_select\">\r\n\t\t<div class=\"w-form-row-field\">\r\n\t\t\t\t\t\t<select aria-label=\"Heure de d\u00e9part estim\u00e9\" name=\"us_form_1_select_4\">\r\n\t\t\t<option value=\"Votre choix du d\u00e9part estim\u00e9 * :\">Votre choix du d\u00e9part estim\u00e9 * :<\/option><option value=\"1h00\">1h00<\/option><option value=\"1h30\">1h30<\/option><option value=\"2h00\">2h00<\/option><option value=\"2h30\">2h30<\/option><option value=\"3h00\">3h00<\/option><option value=\"3h30\">3h30<\/option><option value=\"4h00\">4h00<\/option><option value=\"4h30\">4h30<\/option><option value=\"5h00\">5h00<\/option>\t\t<\/select>\r\n\t\t\t<\/div>\r\n\t\t<div class=\"w-form-row-state\">S\u00e9lectionner une option<\/div>\r\n<\/div>\r\n<div class=\"w-form-row for_select\">\r\n\t\t<div class=\"w-form-row-field\">\r\n\t\t\t\t\t\t<select aria-label=\"Nombre d&#039;invit\u00e9s estim\u00e9\" name=\"us_form_1_select_5\">\r\n\t\t\t<option value=\"Votre choix d&#039;invit\u00e9s estim\u00e9s * :\">Votre choix d'invit\u00e9s estim\u00e9s * :<\/option><option value=\"10\">10<\/option><option value=\"20\">20<\/option><option value=\"30\">30<\/option><option value=\"40\">40<\/option><option value=\"50\">50<\/option><option value=\"60\">60<\/option><option value=\"70\">70<\/option><option value=\"80\">80<\/option><option value=\"90\">90<\/option><option value=\"100\">100<\/option><option value=\"150\">150<\/option><option value=\"200\">200<\/option>\t\t<\/select>\r\n\t\t\t<\/div>\r\n\t\t<div class=\"w-form-row-state\">S\u00e9lectionner une option<\/div>\r\n<\/div>\r\n<div class=\"w-form-row for_text\">\r\n\t\t<div class=\"w-form-row-field\">\r\n\t\t\t\t\t\t<input aria-label=\"Budget estim\u00e9 par personne en \u20ac (facultatif)\" inputmode=\"numeric\" type=\"text\" name=\"us_form_1_text_1\" value placeholder=\"Budget estim\u00e9 par personne en \u20ac (facultatif)\"\/>\r\n\t\t\t<\/div>\r\n\t\t<div class=\"w-form-row-state\">Vous devez remplir ce champ<\/div>\r\n<\/div>\r\n<div class=\"w-form-row for_text\">\r\n\t\t<div class=\"w-form-row-field\">\r\n\t\t\t\t\t\t<input aria-label=\"Nombre de planches pr\u00e9r\u00e9serv\u00e9es\" inputmode=\"numeric\" type=\"text\" name=\"us_form_1_text_2\" value placeholder=\"Nombre de planches pr\u00e9r\u00e9serv\u00e9es\"\/>\r\n\t\t\t<\/div>\r\n\t\t<div class=\"w-form-row-state\">Vous devez remplir ce champ<\/div>\r\n<\/div>\r\n<div class=\"w-form-row for_text required with_icon\">\r\n\t\t<div class=\"w-form-row-field\">\r\n\t\t\t\t<i class=\"far fa-user\"><\/i>\t\t<input aria-label=\"Nom\" type=\"text\" name=\"us_form_1_text_3\" value placeholder=\"Nom *\" data-required=\"true\" aria-required=\"true\"\/>\r\n\t\t\t<\/div>\r\n\t\t<div class=\"w-form-row-state\">Vous devez remplir ce champ<\/div>\r\n<\/div>\r\n<div class=\"w-form-row for_text required with_icon\">\r\n\t\t<div class=\"w-form-row-field\">\r\n\t\t\t\t<i class=\"far fa-user\"><\/i>\t\t<input aria-label=\"Pr\u00e9nom\" type=\"text\" name=\"us_form_1_text_4\" value placeholder=\"Pr\u00e9nom *\" data-required=\"true\" aria-required=\"true\"\/>\r\n\t\t\t<\/div>\r\n\t\t<div class=\"w-form-row-state\">Vous devez remplir ce champ<\/div>\r\n<\/div>\r\n<div class=\"w-form-row for_text required with_icon\">\r\n\t\t<div class=\"w-form-row-field\">\r\n\t\t\t\t<i class=\"far fa-envelope\"><\/i>\t\t<input aria-label=\"Email\" type=\"text\" name=\"us_form_1_text_5\" value placeholder=\"Email *\" data-required=\"true\" aria-required=\"true\"\/>\r\n\t\t\t<\/div>\r\n\t\t<div class=\"w-form-row-state\">Vous devez remplir ce champ<\/div>\r\n<\/div>\r\n<div class=\"w-form-row for_text required with_icon\">\r\n\t\t<div class=\"w-form-row-field\">\r\n\t\t\t\t<i class=\"far fa-phone\"><\/i>\t\t<input aria-label=\"T\u00e9l\u00e9phone\" inputmode=\"tel\" type=\"text\" name=\"us_form_1_text_6\" value placeholder=\"T\u00e9l\u00e9phone *\" data-required=\"true\" aria-required=\"true\"\/>\r\n\t\t\t<\/div>\r\n\t\t<div class=\"w-form-row-state\">Vous devez remplir ce champ<\/div>\r\n<\/div>\r\n<div class=\"w-form-row for_textarea required with_icon\">\r\n\t\t<div class=\"w-form-row-field\">\r\n\t\t\t\t<i class=\"far fa-pencil\"><\/i>\t\t<textarea aria-label=\"Message\" name=\"us_form_1_textarea_1\" placeholder=\"Message *\" data-required=\"true\" aria-required=\"true\"><\/textarea>\r\n\t\t\t<\/div>\r\n\t\t<div class=\"w-form-row-state\">Vous devez remplir ce champ<\/div>\r\n<\/div>\r\n<div class=\"w-form-row for_captcha has_label required with_icon\">\r\n\t<div class=\"w-form-row-label\">\r\n\t\t<span>S\u00c9CURIT\u00c9 : Faites l'op\u00e9ration suivante : <span>27 + 6 = ?<\/span><\/span>\r\n\t<\/div>\r\n\t<div class=\"w-form-row-field\">\r\n\t\t\t\t<input type=\"hidden\" name=\"us_form_1_captcha_1_hash\" value=\"1f0c0e946ee526129ebb99f7a1c9e9b0\" \/>\r\n\t\t<i class=\"far fa-question-circle\"><\/i>\t\t<input aria-label=\"S\u00c9CURIT\u00c9 : Faites l&#039;op\u00e9ration suivante :\" type=\"text\" name=\"us_form_1_captcha_1\" placeholder data-required=\"true\" aria-required=\"true\"\/>\r\n\t\t\t<\/div>\r\n\t\t<div class=\"w-form-row-state\">Entrer le r\u00e9sultat de l'op\u00e9ration pour continuer<\/div>\r\n<\/div>\r\n<input type=\"hidden\" name=\"action\" value=\"us_ajax_cform\" \/>\r\n<input type=\"hidden\" name=\"post_id\" value=\"0\" \/>\r\n<input type=\"hidden\" name=\"form_index\" value=\"1\" \/>\r\n<div class=\"w-form-row for_submit align_none\">\r\n\t<button class=\"w-btn icon_atright us-btn-style_4\" aria-label=\"Envoyer ma demande de r\u00e9servation\" type=\"submit\">\r\n\t\t<span class=\"g-preloader type_1\"><\/span>\r\n\t\t\t\t<span class=\"w-btn-label\">Envoyer ma demande de r\u00e9servation<\/span>\r\n\t\t<i class=\"fas fa-chevron-double-right\"><\/i>\t<\/button>\r\n\t<\/div>\r\n<\/div><div class=\"w-form-message\"><\/div><div class=\"w-form-json hidden\" onclick='return {&quot;ajaxurl&quot;:&quot;http:\\\/\\\/s383095176.onlinehome.fr\\\/french\\\/wp-admin\\\/admin-ajax.php&quot;,&quot;messages&quot;:{&quot;err_empty&quot;:&quot;Vous devez remplir ce champ&quot;,&quot;err_size&quot;:&quot;La taille du fichier ne peut pas d\\u00e9passer %s Mo&quot;,&quot;err_extension&quot;:&quot;Le type de fichier %s n&#039;est pas autoris\\u00e9&quot;}}'><\/div><\/form><\/div><\/div><div class=\"wpb_column vc_column_container\"><div class=\"vc_column-inner\"><div class=\"wpb_text_column us_custom_137f0e2b has_text_color\"><div class=\"wpb_wrapper\"><p><span style=\"font-family: Arial, Helvetica, sans-serif; font-size: 18pt;\"><strong>Informations<\/strong><\/span><\/p>\n<\/div><\/div><div class=\"w-separator size_small\"><\/div><div class=\"wpb_text_column us_custom_6df4bc3a has_text_color\"><div class=\"wpb_wrapper\"><p style=\"text-align: justify;\"><span style=\"font-family: Arial, Helvetica, sans-serif;\"><strong>Que vous soyez un <a href=\"http:\/\/s383095176.onlinehome.fr\/french\/b-d-e\/\"><span style=\"color: #277cea;\">BDE<\/span><\/a>, une <a href=\"http:\/\/s383095176.onlinehome.fr\/french\/after-work\/\"><span style=\"color: #277cea;\">entreprise<\/span><\/a>, ou tout simplement un <a href=\"http:\/\/s383095176.onlinehome.fr\/french\/clubbing\/\"><span style=\"color: #277cea;\">groupe<\/span> <\/a>qui souhaite f\u00eater un ou plusieurs <a href=\"http:\/\/s383095176.onlinehome.fr\/french\/anniversaire\/\"><span style=\"color: #277cea;\">anniversaires<\/span><\/a>, nous vous proposons des formules de r\u00e9servation (ou semi-privatisation) avec des <span style=\"color: #277cea;\">tarifs avantageux<\/span> afin que votre soir\u00e9e soit une totale r\u00e9ussite.<\/strong><\/span><\/p>\n<\/div><\/div><div class=\"w-separator size_small\"><\/div><div class=\"wpb_text_column us_custom_188f9cdf has_text_color\"><div class=\"wpb_wrapper\"><p><span style=\"font-family: Arial, Helvetica, sans-serif;\"><strong>Consultez l&rsquo;amplitude de vos r\u00e9ductions en fonction du jour.<\/strong><\/span><\/p>\n<\/div><\/div><div class=\"w-separator size_small\"><\/div><div class=\"wpb_text_column us_custom_fc79f6bc has_text_color\"><div class=\"wpb_wrapper\"><p style=\"text-align: justify;\"><span style=\"font-family: Arial, Helvetica, sans-serif;\"><strong>Du Lundi au Jeudi de 17h00 \u00e0 2h00 :<\/strong><\/span><\/p>\n<\/div><\/div><div class=\"wpb_text_column us_custom_489f5394 has_text_color\"><div class=\"wpb_wrapper\"><p style=\"text-align: justify;\"><span style=\"font-family: Arial, Helvetica, sans-serif;\">Pinte Pils : 4,70\u20ac<\/span><br \/>\n<span style=\"font-family: Arial, Helvetica, sans-serif;\">Simples long drinks : 6,50\u20ac<\/span><br \/>\n<span style=\"font-family: Arial, Helvetica, sans-serif;\">Doubles long drinks : 11,50\u20ac<\/span><br \/>\n<span style=\"font-family: Arial, Helvetica, sans-serif;\">Simples cocktails : 6,50\u20ac<\/span><br \/>\n<span style=\"font-family: Arial, Helvetica, sans-serif;\">Doubles cocktails : 11,50\u20ac<\/span><\/p>\n<\/div><\/div><div class=\"w-separator size_small\"><\/div><div class=\"wpb_text_column us_custom_fc79f6bc has_text_color\"><div class=\"wpb_wrapper\"><p style=\"text-align: justify;\"><span style=\"font-family: Arial, Helvetica, sans-serif;\"><strong>Du Vendredi au Samedi de 14h00 \u00e0 5h00 :<\/strong><\/span><\/p>\n<\/div><\/div><div class=\"wpb_text_column us_custom_489f5394 has_text_color\"><div class=\"wpb_wrapper\"><p style=\"text-align: justify;\"><span style=\"font-family: Arial, Helvetica, sans-serif;\">Pinte Pils : 4,70\u20ac<\/span><br \/>\n<span style=\"font-family: Arial, Helvetica, sans-serif;\">Doubles long drinks : 11,50\u20ac<\/span><br \/>\n<span style=\"font-family: Arial, Helvetica, sans-serif;\">Doubles cocktails : 11,50\u20ac<br \/>\nShooter : 3,50\u20ac<br \/>\n<\/span><\/p>\n<\/div><\/div><div class=\"wpb_text_column us_custom_188f9cdf has_text_color\"><div class=\"wpb_wrapper\"><p style=\"text-align: justify;\"><span style=\"font-family: Arial, Helvetica, sans-serif;\"><strong>ATTENTION !<\/strong><\/span><\/p>\n<p><span style=\"font-family: Arial, Helvetica, sans-serif;\"><strong>\u00c0 partir de 00h00 :<\/strong><\/span><\/p>\n<p><span style=\"font-family: Arial, Helvetica, sans-serif;\">Augmentation des tarifs de 3,00\u20ac<\/span><\/p>\n<\/div><\/div><div class=\"w-separator size_small\"><\/div><\/div><\/div><\/div><\/div><\/section><section class=\"l-section wpb_row height_custom color_primary\"><div class=\"l-section-h i-cf\"><div class=\"g-cols vc_row via_grid cols_1 laptops-cols_inherit tablets-cols_inherit mobiles-cols_1 valign_top type_default stacking_default\"><div class=\"wpb_column vc_column_container\"><div class=\"vc_column-inner\"><div class=\"w-separator size_medium\"><\/div><div class=\"wpb_text_column us_custom_6df4bc3a has_text_color\"><div class=\"wpb_wrapper\"><p style=\"text-align: center;\"><span style=\"font-family: the-tribal-box; font-size: 50pt;\">En savoir plus <\/span><\/p>\n<\/div><\/div><div class=\"w-separator size_medium\"><\/div><div class=\"g-cols wpb_row us_custom_6df4bc3a has_text_color via_grid cols_1 laptops-cols_inherit tablets-cols_inherit mobiles-cols_1 valign_top type_default stacking_default\" style=\"--gap:3rem;\"><div class=\"wpb_column vc_column_container\"><div class=\"vc_column-inner\"><div class=\"w-tabs style_default switch_click accordion has_scrolling\" style=\"--sections-title-size:inherit\"><div class=\"w-tabs-sections titles-align_none icon_chevron cpos_right\"><div class=\"w-tabs-section has_text_color\" id=\"n691\"><button class=\"w-tabs-section-header\" aria-controls=\"content-n691\" aria-expanded=\"false\"><div class=\"w-tabs-section-title\">VOTRE R\u00c9SERVATION<\/div><div class=\"w-tabs-section-control\"><\/div><\/button><div  class=\"w-tabs-section-content us_custom_6ee4c782\" id=\"content-n691\"><div class=\"w-tabs-section-content-h i-cf\"><div class=\"wpb_text_column\"><div class=\"wpb_wrapper\"><p>La r\u00e9servation est totalement gratuite.<\/p>\n<\/div><\/div><\/div><\/div><\/div><div class=\"w-tabs-section has_text_color\" id=\"c92e\"><button class=\"w-tabs-section-header\" aria-controls=\"content-c92e\" aria-expanded=\"false\"><div class=\"w-tabs-section-title\">ESPACES &amp; AMBIANCES<\/div><div class=\"w-tabs-section-control\"><\/div><\/button><div  class=\"w-tabs-section-content us_custom_6ee4c782\" id=\"content-c92e\"><div class=\"w-tabs-section-content-h i-cf\"><div class=\"wpb_text_column\"><div class=\"wpb_wrapper\"><p style=\"text-align: justify;\">Vous disposez d\u2019un emplacement concordant avec votre nombre d\u2019invit\u00e9s. Le French Flair est un pub anim\u00e9, que ce soit pour regarder un match ou pour danser, l\u2019ambiance est au rendez-vous. Nous pr\u00e9voyons 1 place assise pour 2 personnes afin que vous b\u00e9n\u00e9ficiez de la place n\u00e9cessaire pour recevoir vos invit\u00e9s.\u00a0 Nous proposons plusieurs espaces diff\u00e9rents, chacun avec son ambiance.<\/p>\n<ul>\n<li><strong>La Grande salle.<\/strong><\/li>\n<\/ul>\n<p style=\"text-align: justify;\">Elle peut\u00a0accueillir un maximum de 60\u00a0personnes \u00e0 partager \u00e9ventuellement avec d\u2019autres groupes si vous \u00eates moins nombreux.\u00a0Vous pouvez diffuser votre musique via cl\u00e9 USB, Deezer ou Spotify. Des \u00e9crans vous permettront de regarder vos matchs ou diffuser des projections.<\/p>\n<ul>\n<li><strong>Le Pool.<\/strong><\/li>\n<\/ul>\n<p style=\"text-align: justify;\">L\u2019espace accueille 50 personnes, \u00e0 partager si vous \u00eates moins nombreux bien que vous ayez votre espace \u00e0 vous.<\/p>\n<p style=\"text-align: justify;\">Les espaces disposant de banquettes ( qui font office de coffres) vous permettront de ranger vos affaires.<\/p>\n<p style=\"text-align: justify;\">Nous pouvons \u00e9ventuellement noter une option pour le placement de votre groupe (Grande salle ou salle Pool) sachant que nous finalisons les placements de groupes le jour m\u00eame en fonction de leur nombre et de la quantit\u00e9 de convives que compose chaque groupe.<\/p>\n<\/div><\/div><\/div><\/div><\/div><div class=\"w-tabs-section has_text_color\" id=\"tb30\"><button class=\"w-tabs-section-header\" aria-controls=\"content-tb30\" aria-expanded=\"false\"><div class=\"w-tabs-section-title\">VOUS RESTAURER<\/div><div class=\"w-tabs-section-control\"><\/div><\/button><div  class=\"w-tabs-section-content us_custom_6ee4c782\" id=\"content-tb30\"><div class=\"w-tabs-section-content-h i-cf\"><div class=\"wpb_text_column\"><div class=\"wpb_wrapper\"><p style=\"text-align: justify;\">Le French Flair vous propose ses planches de charcuterie, de fromage ou encore mixtes. La planche est \u00e0 12\u20ac l\u2019unit\u00e9 pour 2 personnes (pour grignoter) ou 1 personne en guise de repas. Vous pouvez commander vos planches avant our pendant votre \u00e9v\u00e9nement.<\/p>\n<p style=\"text-align: justify;\">Nous autorisons par ailleurs que vous apportiez des choses faciles \u00e0 manger (pas de saladiers et pas de tupperwares, uniquement des contenants jetables) et \u00e9ventuellement un g\u00e2teau d\u2019anniversaire que nous pouvons conserver au frais pour vous dans la mesure ou il est confectionn\u00e9 dans une taille standard (30x30cm).<\/p>\n<p><strong>Pas de chewing gum !<\/strong><\/p>\n<p style=\"text-align: justify;\">Il vous appartiendra de fournir assiettes en carton et couverts en plastiques, nous ne sommes pas \u00e9quip\u00e9s.<\/p>\n<p style=\"text-align: justify;\">Il sera imp\u00e9ratif de d\u00e9barrasser nourriture, assiettes et couverts \u00e0 23h00 pr\u00e9cises (g\u00e2teau d\u2019anniversaire y compris). Pensez-y si vous en avez pr\u00e9vu un, vous ne pourrez pas souffler vos bougies apr\u00e8s 23H00.<\/p>\n<\/div><\/div><\/div><\/div><\/div><div class=\"w-tabs-section has_text_color\" id=\"fd03\"><button class=\"w-tabs-section-header\" aria-controls=\"content-fd03\" aria-expanded=\"false\"><div class=\"w-tabs-section-title\">BON \u00c0 SAVOIR<\/div><div class=\"w-tabs-section-control\"><\/div><\/button><div  class=\"w-tabs-section-content us_custom_6ee4c782\" id=\"content-fd03\"><div class=\"w-tabs-section-content-h i-cf\"><div class=\"wpb_text_column\"><div class=\"wpb_wrapper\"><p style=\"text-align: justify;\">Nous vous remercierons par avance de faire le moins de bruit possible durant vos pauses cigarette afin de pr\u00e9server notre voisinage.<\/p>\n<p style=\"text-align: justify;\">Si au cours de la soir\u00e9e nous constatons que vous \u00eates moins nombreux, nous pourrons \u00e9ventuellement r\u00e9cup\u00e9rer une table ou plus pour installer d\u2019autres groupes.<\/p>\n<p style=\"text-align: justify;\">N\u2019h\u00e9sitez pas pour de plus amples informations \u00e0 nous contacter directement par mail.<\/p>\n<p>La r\u00e9servation ne garantie pas une place assise par personne. Il y a aussi de la place pour faire la f\u00eate et danser ! \ud83d\ude09<\/p>\n<p>\u00c0 tr\u00e8s vite !<\/p>\n<\/div><\/div><\/div><\/div><\/div><\/div><\/div><\/div><\/div><\/div><div class=\"w-separator size_medium\"><\/div><div class=\"wpb_text_column us_custom_fc643a90 has_text_color\"><div class=\"wpb_wrapper\"><p class=\"elementor-heading-title elementor-size-default\" style=\"text-align: center;\"><span style=\"font-family: Arial, Helvetica, sans-serif;\"><strong>UNE QUESTION ?<\/strong><\/span><\/p>\n<\/div><\/div><div class=\"w-separator size_small\"><\/div><div class=\"wpb_text_column us_custom_24118090 has_text_color\"><div class=\"wpb_wrapper\"><p class=\"elementor-heading-title elementor-size-default\" style=\"text-align: center;\"><span style=\"font-family: Arial, Helvetica, sans-serif;\">CONTACTEZ-NOUS AU 06 98 13 02 04 OU SUR LA PAGE <a href=\"http:\/\/s383095176.onlinehome.fr\/french\/contact\/\">CONTACT<\/a><\/span><\/p>\n<\/div><\/div><div class=\"w-separator size_medium\"><\/div><\/div><\/div><\/div><\/div><\/section>\n","protected":false},"excerpt":{"rendered":"R\u00c9SERVER R\u00e9servez votre \u00e9v\u00e8nement maintenant Voir le plan du French FlairN&rsquo;h\u00e9sitez pas \u00e0 remplir le formulaire ci-dessous, afin de planifier votre soir\u00e9e. Nous vous r\u00e9pondons dans les meilleurs d\u00e9lais. Votre choix de r\u00e9servation * :R\u00c9SERVATION POUR UNE SOIR\u00c9E D'ANNIVERSAIRER\u00c9SERVATION POUR UNE SOIR\u00c9E AFTERWORKR\u00c9SERVATION POUR UNE SOIR\u00c9E CLUBBINGR\u00c9SERVATION POUR UNE SOIR\u00c9E DE B.D.E.R\u00c9SERVATION POUR UNE DIFFUSION...","protected":false},"author":1,"featured_media":0,"parent":0,"menu_order":0,"comment_status":"closed","ping_status":"closed","template":"","meta":{"footnotes":""},"class_list":["post-8449","page","type-page","status-publish","hentry"],"_links":{"self":[{"href":"http:\/\/s383095176.onlinehome.fr\/french\/wp-json\/wp\/v2\/pages\/8449","targetHints":{"allow":["GET"]}}],"collection":[{"href":"http:\/\/s383095176.onlinehome.fr\/french\/wp-json\/wp\/v2\/pages"}],"about":[{"href":"http:\/\/s383095176.onlinehome.fr\/french\/wp-json\/wp\/v2\/types\/page"}],"author":[{"embeddable":true,"href":"http:\/\/s383095176.onlinehome.fr\/french\/wp-json\/wp\/v2\/users\/1"}],"replies":[{"embeddable":true,"href":"http:\/\/s383095176.onlinehome.fr\/french\/wp-json\/wp\/v2\/comments?post=8449"}],"version-history":[{"count":64,"href":"http:\/\/s383095176.onlinehome.fr\/french\/wp-json\/wp\/v2\/pages\/8449\/revisions"}],"predecessor-version":[{"id":9978,"href":"http:\/\/s383095176.onlinehome.fr\/french\/wp-json\/wp\/v2\/pages\/8449\/revisions\/9978"}],"wp:attachment":[{"href":"http:\/\/s383095176.onlinehome.fr\/french\/wp-json\/wp\/v2\/media?parent=8449"}],"curies":[{"name":"wp","href":"https:\/\/api.w.org\/{rel}","templated":true}]}}